{"id":471,"date":"2021-10-22T12:00:27","date_gmt":"2021-10-22T10:00:27","guid":{"rendered":"https:\/\/o-creative.fr\/?page_id=471"},"modified":"2021-12-07T10:23:30","modified_gmt":"2021-12-07T10:23:30","slug":"accueil","status":"publish","type":"page","link":"https:\/\/ladegustationtonneau.fr\/en","title":{"rendered":"HOME"},"content":{"rendered":"<p>[vc_row css=&#8221;.vc_custom_1634822383466{margin-top: -100px !important;}&#8221;][vc_column]\n\t\t\t<!-- START Slider 1 11 REVOLUTION SLIDER 6.5.7 --><p class=\"rs-p-wp-fix\"><\/p>\n\t\t\t<rs-module-wrap id=\"rev_slider_5_1_wrapper\" data-source=\"gallery\" style=\"visibility:hidden;background:transparent;padding:0;margin:0px auto;margin-top:0;margin-bottom:0;\">\n\t\t\t\t<rs-module id=\"rev_slider_5_1\" style=\"\" data-version=\"6.5.7\">\n\t\t\t\t\t<rs-slides>\n\t\t\t\t\t\t<rs-slide style=\"position: absolute;\" data-key=\"rs-5\" data-title=\"Slide\" data-in=\"o:0;\" data-out=\"a:false;\">\n\t\t\t\t\t\t\t<img loading=\"lazy\" decoding=\"async\" src=\"\/\/ladegustationtonneau.fr\/wp-content\/plugins\/revslider\/public\/assets\/assets\/dummy.png\" title=\"La-Degustation-Tonneau-Ostr\u00e9\u00efculture-mytiliculture-restaurant-vivier-sur-mer-photo parc couleur\" width=\"1190\" height=\"669\" class=\"rev-slidebg tp-rs-img rs-lazyload\" data-lazyload=\"\/\/ladegustationtonneau.fr\/wp-content\/uploads\/2021\/10\/La-Degustation-Tonneau-Ostreiculture-mytiliculture-restaurant-vivier-sur-mer-photo-parc-couleur.jpg\" data-no-retina>\n<!--\n\t\t\t\t\t\t\t--><rs-layer\n\t\t\t\t\t\t\t\tid=\"slider-5-slide-5-layer-0\" \n\t\t\t\t\t\t\t\tdata-type=\"shape\"\n\t\t\t\t\t\t\t\tdata-rsp_ch=\"on\"\n\t\t\t\t\t\t\t\tdata-xy=\"xo:-802px,-662px,-502px,-467px;yo:-284px,-234px,-177px,-157px;\"\n\t\t\t\t\t\t\t\tdata-text=\"w:normal;s:20,16,12,7;l:0,20,15,9;\"\n\t\t\t\t\t\t\t\tdata-dim=\"w:2607,2152,2382px,1598px;h:1564,1291,1429px,959px;\"\n\t\t\t\t\t\t\t\tdata-frame_999=\"o:0;st:w;\"\n\t\t\t\t\t\t\t\tstyle=\"z-index:5;background-color:rgba(0,0,0,0.25);\"\n\t\t\t\t\t\t\t> \n\t\t\t\t\t\t\t<\/rs-layer><!--\n\n\t\t\t\t\t\t\t--><rs-layer\n\t\t\t\t\t\t\t\tid=\"slider-5-slide-5-layer-1\" \n\t\t\t\t\t\t\t\tdata-type=\"image\"\n\t\t\t\t\t\t\t\tdata-rsp_ch=\"on\"\n\t\t\t\t\t\t\t\tdata-xy=\"x:c;yo:231px,190px,68px,114px;\"\n\t\t\t\t\t\t\t\tdata-text=\"w:normal;s:20,16,12,7;l:0,20,15,9;\"\n\t\t\t\t\t\t\t\tdata-dim=\"w:228px,188px,244px,216px;h:228px,188px,244px,216px;\"\n\t\t\t\t\t\t\t\tdata-frame_999=\"o:0;st:w;\"\n\t\t\t\t\t\t\t\tstyle=\"z-index:6;\"\n\t\t\t\t\t\t\t><img loading=\"lazy\" decoding=\"async\" src=\"\/\/ladegustationtonneau.fr\/wp-content\/plugins\/revslider\/public\/assets\/assets\/dummy.png\" class=\"tp-rs-img rs-lazyload\" width=\"228\" height=\"228\" data-lazyload=\"\/\/ladegustationtonneau.fr\/wp-content\/uploads\/2021\/10\/logo-tonneau.png\" data-no-retina> \n\t\t\t\t\t\t\t<\/rs-layer><!--\n\n\t\t\t\t\t\t\t--><rs-layer\n\t\t\t\t\t\t\t\tid=\"slider-5-slide-5-layer-2\" \n\t\t\t\t\t\t\t\tdata-type=\"text\"\n\t\t\t\t\t\t\t\tdata-rsp_ch=\"on\"\n\t\t\t\t\t\t\t\tdata-xy=\"x:c;xo:0,0,-2px,1px;yo:502px,414px,379px,384px;\"\n\t\t\t\t\t\t\t\tdata-text=\"w:normal;s:72,59,56,35;l:40,33,32,20;\"\n\t\t\t\t\t\t\t\tdata-frame_999=\"o:0;st:w;\"\n\t\t\t\t\t\t\t\tstyle=\"z-index:7;font-family:'cooper';\"\n\t\t\t\t\t\t\t>D\u00e9gustation Tonneau \n\t\t\t\t\t\t\t<\/rs-layer><!--\n\n\t\t\t\t\t\t\t--><rs-layer\n\t\t\t\t\t\t\t\tid=\"slider-5-slide-5-layer-3\" \n\t\t\t\t\t\t\t\tdata-type=\"text\"\n\t\t\t\t\t\t\t\tdata-rsp_ch=\"on\"\n\t\t\t\t\t\t\t\tdata-xy=\"x:c;xo:0,0,-1px,0;yo:599px,494px,454px,432px;\"\n\t\t\t\t\t\t\t\tdata-text=\"w:normal;s:20,16,16,11;l:25,20,20,14;\"\n\t\t\t\t\t\t\t\tdata-frame_0=\"x:0,0,0px,0px;y:0,0,0px,0px;\"\n\t\t\t\t\t\t\t\tdata-frame_1=\"x:0,0,0px,0px;y:0,0,0px,0px;\"\n\t\t\t\t\t\t\t\tdata-frame_999=\"o:0;st:w;\"\n\t\t\t\t\t\t\t\tstyle=\"z-index:8;font-family:'din-pro';\"\n\t\t\t\t\t\t\t>TAKE A CULINARY BREAK BETWEEN CANCALE AND THE MONT SAINT MICHEL \n\t\t\t\t\t\t\t<\/rs-layer><!--\n-->\t\t\t\t\t\t<\/rs-slide>\n\t\t\t\t\t<\/rs-slides>\n\t\t\t\t<\/rs-module>\n\t\t\t\t<script type=\"text\/javascript\">\n\t\t\t\t\tsetREVStartSize({c: 'rev_slider_5_1',rl:[1240,1024,778,480],el:[900,768,960,720],gw:[1240,1024,778,480],gh:[900,768,960,720],type:'standard',justify:'',layout:'fullwidth',mh:\"0\"});if (window.RS_MODULES!==undefined && window.RS_MODULES.modules!==undefined && window.RS_MODULES.modules[\"revslider51\"]!==undefined) {window.RS_MODULES.modules[\"revslider51\"].once = false;window.revapi5 = undefined;if (window.RS_MODULES.checkMinimal!==undefined) window.RS_MODULES.checkMinimal()}\n\t\t\t\t<\/script>\n\t\t\t<\/rs-module-wrap>\n\t\t\t<!-- END REVOLUTION SLIDER -->\n[vc_raw_html]JTVCTW9kYWwtV2luZG93JTIwaWQlM0QlMjIyJTIyJTVE[\/vc_raw_html][\/vc_column][\/vc_row][vc_row][vc_column][vc_empty_space][vc_empty_space][vc_empty_space][vc_row_inner][vc_column_inner width=&#8221;1\/2&#8243;][vc_column_text]<span style=\"font-family: din-pro;\">For more than 40 years, La D\u00e9gustation Tonneau has been an unmissable attraction for lovers of open spaces and seafood due to the exceptional location and the quality of the products coming direct from the local producer of mussels and oysters, Jean-Luc TONNEAU.<\/span><\/p>\n<p><span style=\"font-family: din-pro;\">You too deserve to take a break any time of the day from April to Novembre. A young and dynamic team, carrying on the long generations old tradition, will be happy to welcome you with a smile, knowledge and simplicity.<\/span><\/p>\n<p><span style=\"font-family: din-pro;\">However, we must warn you that upon leaving you will soon be overtaken by the desire to return. All the team of La D\u00e9gustation TONNEAU (fishermen, cooks, service staff) are ready to take on this responsibility!<\/span>[\/vc_column_text][vc_empty_space]\n\t\n\t<a style=\"border: px solid;border-radius:77px;letter-spacing:px;line-height:px;font-size:px;background-color:#348438;padding:10px 20px;margin:;color:#ffffff\" rel=\"\" href=\"https:\/\/ladegustationtonneau.fr\/en\/who-are-we\" class=\"nicdark_display_inline_block nd_options_float_left nd_options_font_weight_normal   \">Learn more<\/a>\n\t\n[vc_empty_space][\/vc_column_inner][vc_column_inner width=&#8221;1\/2&#8243;][vc_single_image image=&#8221;815&#8243; img_size=&#8221;full&#8221; alignment=&#8221;center&#8221; style=&#8221;vc_box_rounded&#8221;][vc_empty_space][\/vc_column_inner][\/vc_row_inner][\/vc_column][\/vc_row][vc_row][vc_column][vc_empty_space height=&#8221;124px&#8221;][vc_empty_space height=&#8221;62px&#8221;][vc_column_text]<\/p>\n<h2 style=\"text-align: center;\"><span style=\"font-family: cooper; color: #348438; font-size: 24pt;\">How to find us?<\/span><\/h2>\n<p>[\/vc_column_text][vc_empty_space height=&#8221;22px&#8221;][vc_separator color=&#8221;custom&#8221; border_width=&#8221;3&#8243; el_width=&#8221;10&#8243; accent_color=&#8221;#348438&#8243;][vc_empty_space][vc_empty_space][\/vc_column][\/vc_row][vc_row][vc_column width=&#8221;1\/4&#8243;][vc_empty_space][vc_icon icon_fontawesome=&#8221;fas fa-map-marker-alt&#8221; color=&#8221;custom&#8221; align=&#8221;center&#8221; custom_color=&#8221;#348438&#8243;][vc_empty_space height=&#8221;12px&#8221;][vc_column_text]<\/p>\n<h4 style=\"text-align: center;\"><strong><span style=\"font-family: din-pro;\">Address<\/span><\/strong><\/h4>\n<p>[\/vc_column_text][vc_empty_space height=&#8221;12px&#8221;][vc_column_text]<\/p>\n<p style=\"text-align: center;\"><span style=\"font-family: din-pro;\">Rue de la gr\u00e8ve B.P.5<br \/>\n3<\/span><span style=\"font-family: din-pro;\">5960 Le Vivier-sur-mer<\/span><\/p>\n<p>[\/vc_column_text][vc_empty_space][vc_icon icon_fontawesome=&#8221;fas fa-clock&#8221; color=&#8221;custom&#8221; align=&#8221;center&#8221; custom_color=&#8221;#348438&#8243;][vc_empty_space height=&#8221;12px&#8221;][vc_column_text]<\/p>\n<h4 style=\"text-align: center;\"><span style=\"font-family: din-pro;\"><strong>Schedule<\/strong><\/span><\/h4>\n<p>[\/vc_column_text][vc_empty_space height=&#8221;12px&#8221;][vc_column_text]<\/p>\n<p style=\"text-align: left;\"><span style=\"font-family: din-pro;\">&#8211; Tasting and take away every day from Easter to mid-November in continuous service from 9 a.m. to nightfall<br \/>\n&#8211; Take away from mid-December to early January every day from 9 a.m. to 12:30 p.m. and from 2 p.m. to 7 p.m.<\/span><\/p>\n<p>[\/vc_column_text][vc_empty_space][\/vc_column][vc_column width=&#8221;3\/4&#8243;][vc_empty_space][vc_gmaps link=&#8221;#E-8_JTNDaWZyYW1lJTIwc3JjJTNEJTIyaHR0cHMlM0ElMkYlMkZ3d3cuZ29vZ2xlLmNvbSUyRm1hcHMlMkZlbWJlZCUzRnBiJTNEJTIxMW0xOCUyMTFtMTIlMjExbTMlMjExZDI2MzguMjg0ODU5NDQ1NTAyNyUyMTJkLTEuNzg0MzE0MTg0MTM1MDEyNyUyMTNkNDguNjA0MzkwMzc5MjYzMzYlMjEybTMlMjExZjAlMjEyZjAlMjEzZjAlMjEzbTIlMjExaTEwMjQlMjEyaTc2OCUyMTRmMTMuMSUyMTNtMyUyMTFtMiUyMTFzMHg0ODBlOTkxODFlYmQ5MTNkJTI1M0EweDgxNzM3ZGI3ZGM1Mjg3ZTklMjEyc0h1aXRyZXMlMjUyMGV0JTI1MjBtb3VsZXMlMjUyMEplYW4tTHVjJTI1MjBUb25uZWF1JTIxNWUwJTIxM20yJTIxMXNmciUyMTJzZnIlMjE0djE2MzYwMTc4MDAxMzYlMjE1bTIlMjExc2ZyJTIxMnNmciUyMiUyMHdpZHRoJTNEJTIyNjAwJTIyJTIwaGVpZ2h0JTNEJTIyNDUwJTIyJTIwc3R5bGUlM0QlMjJib3JkZXIlM0EwJTNCJTIyJTIwYWxsb3dmdWxsc2NyZWVuJTNEJTIyJTIyJTIwbG9hZGluZyUzRCUyMmxhenklMjIlM0UlM0MlMkZpZnJhbWUlM0U=&#8221;][\/vc_column][\/vc_row][vc_row full_width=&#8221;stretch_row_content_no_spaces&#8221;][vc_column][vc_empty_space height=&#8221;102px&#8221;][\/vc_column][\/vc_row][vc_row full_width=&#8221;stretch_row_content_no_spaces&#8221; parallax=&#8221;content-moving&#8221; parallax_image=&#8221;1124&#8243;][vc_column][vc_empty_space height=&#8221;156px&#8221;][vc_column_text]<\/p>\n<h2 style=\"text-align: center;\"><span style=\"font-family: cooper; color: #ffffff; font-size: 24pt;\"><strong>Find us every Saturday morning<\/strong><\/span><\/h2>\n<p>&nbsp;<\/p>\n<h2 style=\"text-align: center;\"><span style=\"color: #ffffff; font-family: cooper; font-size: 24pt;\">at the Dol de Bretagne&#8217;s market from 9 a.m. to 1 p.m.<\/span><\/h2>\n<p>[\/vc_column_text][vc_empty_space height=&#8221;156px&#8221;][\/vc_column][\/vc_row][vc_row full_width=&#8221;stretch_row_content_no_spaces&#8221;][vc_column][vc_empty_space height=&#8221;102px&#8221;][\/vc_column][\/vc_row][vc_row][vc_column width=&#8221;1\/2&#8243;][vc_empty_space][vc_empty_space][vc_empty_space][vc_column_text]<\/p>\n<h2 style=\"text-align: center;\"><span style=\"font-size: 18pt;\"><strong><span style=\"color: #eba218; font-family: cooper;\"><span style=\"caret-color: #eba218;\">Buy online and taste our products<br \/>\ndirectly at home!<\/span><\/span><\/strong><\/span><\/h2>\n<p>[\/vc_column_text][vc_empty_space][vc_column_text]<\/p>\n<div class=\"fusion-title title fusion-title-1 fusion-sep-none fusion-title-center fusion-title-text fusion-title-size-five\">\n<p class=\"p1\" style=\"text-align: left;\">Order your favorites products online and have it delivered to your door.<\/p>\n<p class=\"p1\" style=\"text-align: left;\">All our products available for delivery by our partner Chronofresh.<\/p>\n<\/div>\n<p>[\/vc_column_text][vc_empty_space]\n\t<div class=\"nd_options_section nd_options_text_align_center\">\n\t<a style=\"border: px solid;border-radius:77px;letter-spacing:px;line-height:px;font-size:px;background-color:#eba218;padding:15px 20px;margin:;color:#ffffff\" rel=\"\" href=\"https:\/\/ladegustationtonneau.fr\/en\/shop\" class=\"nicdark_display_inline_block  nd_options_font_weight_normal   \">Shop<\/a>\n\t<\/div>\n[vc_empty_space][\/vc_column][vc_column width=&#8221;1\/2&#8243;][vc_empty_space][vc_single_image image=&#8221;921&#8243; img_size=&#8221;500&#215;500&#8243; alignment=&#8221;center&#8221; style=&#8221;vc_box_rounded&#8221;][vc_empty_space][\/vc_column][\/vc_row][vc_row full_width=&#8221;stretch_row_content_no_spaces&#8221;][vc_column][vc_empty_space height=&#8221;102px&#8221;][\/vc_column][\/vc_row][vc_row full_width=&#8221;stretch_row_content_no_spaces&#8221; css=&#8221;.vc_custom_1634818966823{background-color: #344a84 !important;}&#8221;][vc_column][vc_empty_space][vc_empty_space][vc_row_inner][vc_column_inner][vc_column_text]<\/p>\n<h2 style=\"text-align: center;\"><span style=\"color: #ffffff; font-family: cooper; font-size: 24pt;\">What our clients say about us<\/span><\/h2>\n<p>[\/vc_column_text][\/vc_column_inner][\/vc_row_inner][vc_empty_space height=&#8221;22px&#8221;][vc_separator color=&#8221;white&#8221; border_width=&#8221;3&#8243; el_width=&#8221;10&#8243;][vc_empty_space][vc_row_inner gap=&#8221;25&#8243; css=&#8221;.vc_custom_1637578970138{margin-right: 20px !important;margin-left: 20px !important;}&#8221;][vc_column_inner width=&#8221;1\/6&#8243;]\n\n  <!--START TESTIMONIAL-->\n  <div class=\"nd_options_section \">\n                                            \n    <div style=\"background-color:#344a84\" class=\"nd_options_section nd_options_padding_40 nd_options_border_radius_3 nd_options_text_align_center nd_options_box_sizing_border_box\">\n      <p class=\"nd_options_color_white nd_options_margin_0_important\">\u00ab Vente directe, Tr\u00e8s bon accueil, tr\u00e8s bonnes hu\u00eetres et moules, Super spot, bel accueil de Flo .....merci !!!! A bient\u00f4t \u00bb<\/p>\n    <\/div> \n    <div class=\"nd_options_section \">\n      <div style=\"border-top-color:#344a84\" class=\"nd_options_margin_auto nd_options_height_0 nd_options_width_0 nd_options_border_style_solid nd_options_border_color_transparent nd_options_border_width_15 nd_options_border_bottom_width_0\"><\/div> \n    <\/div>\n    <div class=\"nd_options_section nd_options_height_20 \"><\/div>\n\n\n    <div class=\"nd_options_section nd_options_text_align_center\">\n      <img decoding=\"async\" width=\"80\" class=\"nd_options_border_radius_100_percentage\" src=\"\"> \n      <div class=\"nd_options_section nd_options_height_20 \"><\/div>\n      <h4 class=\"nd_options_margin_0_important\"><\/h4>\n      <div class=\"nd_options_section nd_options_height_10 \"><\/div>\n      <p class=\"nd_options_margin_0_important\"><\/p>\n    <\/div>  \n\n\n  <\/div>\n  <!--END TESTIMONIAL-->\n\n   [\/vc_column_inner][vc_column_inner width=&#8221;1\/6&#8243;]\n\n  <!--START TESTIMONIAL-->\n  <div class=\"nd_options_section \">\n                                            \n    <div style=\"background-color:#344a84\" class=\"nd_options_section nd_options_padding_40 nd_options_border_radius_3 nd_options_text_align_center nd_options_box_sizing_border_box\">\n      <p class=\"nd_options_color_white nd_options_margin_0_important\">\u00ab Le cadre est agr\u00e9able. Les hu\u00eetres et moules sont excellentes. Nous y allons \u00e0 plusieurs reprises lors de nos s\u00e9jours dans la r\u00e9gion. \u00bb<\/p>\n    <\/div> \n    <div class=\"nd_options_section \">\n      <div style=\"border-top-color:#344a84\" class=\"nd_options_margin_auto nd_options_height_0 nd_options_width_0 nd_options_border_style_solid nd_options_border_color_transparent nd_options_border_width_15 nd_options_border_bottom_width_0\"><\/div> \n    <\/div>\n    <div class=\"nd_options_section nd_options_height_20 \"><\/div>\n\n\n    <div class=\"nd_options_section nd_options_text_align_center\">\n      <img decoding=\"async\" width=\"80\" class=\"nd_options_border_radius_100_percentage\" src=\"\"> \n      <div class=\"nd_options_section nd_options_height_20 \"><\/div>\n      <h4 class=\"nd_options_margin_0_important\"><\/h4>\n      <div class=\"nd_options_section nd_options_height_10 \"><\/div>\n      <p class=\"nd_options_margin_0_important\"><\/p>\n    <\/div>  \n\n\n  <\/div>\n  <!--END TESTIMONIAL-->\n\n   [\/vc_column_inner][vc_column_inner width=&#8221;1\/6&#8243;]\n\n  <!--START TESTIMONIAL-->\n  <div class=\"nd_options_section \">\n                                            \n    <div style=\"background-color:#344a84\" class=\"nd_options_section nd_options_padding_40 nd_options_border_radius_3 nd_options_text_align_center nd_options_box_sizing_border_box\">\n      <p class=\"nd_options_color_white nd_options_margin_0_important\">\u00ab Nous sommes pass\u00e9 dans ce petit restaurant qui et chaleureux et franchement d\u00e9licieux. La vue et juste magnifique. La qualit\u00e9 est au rendez-vous. Moules de qualit\u00e9s. Nous le conseillons fortement. \u263a\ufe0fI \u00bb<\/p>\n    <\/div> \n    <div class=\"nd_options_section \">\n      <div style=\"border-top-color:#344a84\" class=\"nd_options_margin_auto nd_options_height_0 nd_options_width_0 nd_options_border_style_solid nd_options_border_color_transparent nd_options_border_width_15 nd_options_border_bottom_width_0\"><\/div> \n    <\/div>\n    <div class=\"nd_options_section nd_options_height_20 \"><\/div>\n\n\n    <div class=\"nd_options_section nd_options_text_align_center\">\n      <img decoding=\"async\" width=\"80\" class=\"nd_options_border_radius_100_percentage\" src=\"\"> \n      <div class=\"nd_options_section nd_options_height_20 \"><\/div>\n      <h4 class=\"nd_options_margin_0_important\"><\/h4>\n      <div class=\"nd_options_section nd_options_height_10 \"><\/div>\n      <p class=\"nd_options_margin_0_important\"><\/p>\n    <\/div>  \n\n\n  <\/div>\n  <!--END TESTIMONIAL-->\n\n   [\/vc_column_inner][vc_column_inner width=&#8221;1\/6&#8243;]\n\n  <!--START TESTIMONIAL-->\n  <div class=\"nd_options_section \">\n                                            \n    <div style=\"background-color:#344a84\" class=\"nd_options_section nd_options_padding_40 nd_options_border_radius_3 nd_options_text_align_center nd_options_box_sizing_border_box\">\n      <p class=\"nd_options_color_white nd_options_margin_0_important\">\u00ab Excellent, de tout point de vu, hu\u00eetres et moules excellente, et dire que je n'aimais pas les hu\u00eetres avant\nExcellent qualit\u00e9\/prix, vue magnifique sur la mer\nVraiment a ne pas le rater \u00bb<\/p>\n    <\/div> \n    <div class=\"nd_options_section \">\n      <div style=\"border-top-color:#344a84\" class=\"nd_options_margin_auto nd_options_height_0 nd_options_width_0 nd_options_border_style_solid nd_options_border_color_transparent nd_options_border_width_15 nd_options_border_bottom_width_0\"><\/div> \n    <\/div>\n    <div class=\"nd_options_section nd_options_height_20 \"><\/div>\n\n\n    <div class=\"nd_options_section nd_options_text_align_center\">\n      <img decoding=\"async\" width=\"80\" class=\"nd_options_border_radius_100_percentage\" src=\"\"> \n      <div class=\"nd_options_section nd_options_height_20 \"><\/div>\n      <h4 class=\"nd_options_margin_0_important\"><\/h4>\n      <div class=\"nd_options_section nd_options_height_10 \"><\/div>\n      <p class=\"nd_options_margin_0_important\"><\/p>\n    <\/div>  \n\n\n  <\/div>\n  <!--END TESTIMONIAL-->\n\n   [\/vc_column_inner][vc_column_inner width=&#8221;1\/6&#8243;]\n\n  <!--START TESTIMONIAL-->\n  <div class=\"nd_options_section \">\n                                            \n    <div style=\"background-color:#344a84\" class=\"nd_options_section nd_options_padding_40 nd_options_border_radius_3 nd_options_text_align_center nd_options_box_sizing_border_box\">\n      <p class=\"nd_options_color_white nd_options_margin_0_important\">\u00ab Tr\u00e8s bon accueil, Plateaux d'hu\u00eetres excellente \ud83d\ude0b sortie du bassin, tr\u00e8s fra\u00eeche \ud83d\udc4d \u00bb<\/p>\n    <\/div> \n    <div class=\"nd_options_section \">\n      <div style=\"border-top-color:#344a84\" class=\"nd_options_margin_auto nd_options_height_0 nd_options_width_0 nd_options_border_style_solid nd_options_border_color_transparent nd_options_border_width_15 nd_options_border_bottom_width_0\"><\/div> \n    <\/div>\n    <div class=\"nd_options_section nd_options_height_20 \"><\/div>\n\n\n    <div class=\"nd_options_section nd_options_text_align_center\">\n      <img decoding=\"async\" width=\"80\" class=\"nd_options_border_radius_100_percentage\" src=\"\"> \n      <div class=\"nd_options_section nd_options_height_20 \"><\/div>\n      <h4 class=\"nd_options_margin_0_important\"><\/h4>\n      <div class=\"nd_options_section nd_options_height_10 \"><\/div>\n      <p class=\"nd_options_margin_0_important\"><\/p>\n    <\/div>  \n\n\n  <\/div>\n  <!--END TESTIMONIAL-->\n\n   [\/vc_column_inner][vc_column_inner width=&#8221;1\/6&#8243;]\n\n  <!--START TESTIMONIAL-->\n  <div class=\"nd_options_section \">\n                                            \n    <div style=\"background-color:#344a84\" class=\"nd_options_section nd_options_padding_40 nd_options_border_radius_3 nd_options_text_align_center nd_options_box_sizing_border_box\">\n      <p class=\"nd_options_color_white nd_options_margin_0_important\">\u00ab Parfait ! Les huitres en direct et tellement bonnes !\nAvant je prenais uniquement des num\u00e9ros 3 et depuis mon passage par ici, c'est les num\u00e9ros 4 de Cancale ! Elles sont fines et excellente.\nD\u00e9gustation et \u00e9change sur place avec une \u00e9quipe tr\u00e8s sympa \u00bb<\/p>\n    <\/div> \n    <div class=\"nd_options_section \">\n      <div style=\"border-top-color:#344a84\" class=\"nd_options_margin_auto nd_options_height_0 nd_options_width_0 nd_options_border_style_solid nd_options_border_color_transparent nd_options_border_width_15 nd_options_border_bottom_width_0\"><\/div> \n    <\/div>\n    <div class=\"nd_options_section nd_options_height_20 \"><\/div>\n\n\n    <div class=\"nd_options_section nd_options_text_align_center\">\n      <img decoding=\"async\" width=\"80\" class=\"nd_options_border_radius_100_percentage\" src=\"\"> \n      <div class=\"nd_options_section nd_options_height_20 \"><\/div>\n      <h4 class=\"nd_options_margin_0_important\"><\/h4>\n      <div class=\"nd_options_section nd_options_height_10 \"><\/div>\n      <p class=\"nd_options_margin_0_important\"><\/p>\n    <\/div>  \n\n\n  <\/div>\n  <!--END TESTIMONIAL-->\n\n   [\/vc_column_inner][\/vc_row_inner][vc_empty_space height=&#8221;16px&#8221;][\/vc_column][\/vc_row]<\/p>\n","protected":false},"excerpt":{"rendered":"<p>[vc_row css=&#8221;.vc_custom_1634822383466{margin-top: -100px !important;}&#8221;][vc_column][vc_raw_html]JTVCTW9kYWwtV2luZG93JTIwaWQlM0QlMjIyJTIyJTVE[\/vc_raw_html][\/vc_column][\/vc_row][vc_row][vc_column][vc_empty_space][vc_empty_space][vc_empty_space][vc_row_inner][vc_column_inner width=&#8221;1\/2&#8243;][vc_column_text]For more than 40 years, La D\u00e9gustation Tonneau has been an unmissable attraction for lovers of open spaces and seafood due to the exceptional location and the quality of the products coming direct from the local producer of mussels and oysters, Jean-Luc TONNEAU. You too deserve to take a break any [&hellip;]<\/p>\n","protected":false},"author":1,"featured_media":0,"parent":0,"menu_order":0,"comment_status":"closed","ping_status":"closed","template":"","meta":{"footnotes":""},"class_list":["post-471","page","type-page","status-publish","hentry"],"_links":{"self":[{"href":"https:\/\/ladegustationtonneau.fr\/en\/wp-json\/wp\/v2\/pages\/471","targetHints":{"allow":["GET"]}}],"collection":[{"href":"https:\/\/ladegustationtonneau.fr\/en\/wp-json\/wp\/v2\/pages"}],"about":[{"href":"https:\/\/ladegustationtonneau.fr\/en\/wp-json\/wp\/v2\/types\/page"}],"author":[{"embeddable":true,"href":"https:\/\/ladegustationtonneau.fr\/en\/wp-json\/wp\/v2\/users\/1"}],"replies":[{"embeddable":true,"href":"https:\/\/ladegustationtonneau.fr\/en\/wp-json\/wp\/v2\/comments?post=471"}],"version-history":[{"count":21,"href":"https:\/\/ladegustationtonneau.fr\/en\/wp-json\/wp\/v2\/pages\/471\/revisions"}],"predecessor-version":[{"id":1257,"href":"https:\/\/ladegustationtonneau.fr\/en\/wp-json\/wp\/v2\/pages\/471\/revisions\/1257"}],"wp:attachment":[{"href":"https:\/\/ladegustationtonneau.fr\/en\/wp-json\/wp\/v2\/media?parent=471"}],"curies":[{"name":"wp","href":"https:\/\/api.w.org\/{rel}","templated":true}]}}